{"id":259,"date":"2026-01-29T10:46:40","date_gmt":"2026-01-29T08:46:40","guid":{"rendered":"https:\/\/www.foda.fi\/?page_id=259"},"modified":"2026-02-23T09:40:23","modified_gmt":"2026-02-23T07:40:23","slug":"optimistojolla","status":"publish","type":"page","link":"https:\/\/www.foda.fi\/index.php\/optimistojolla\/","title":{"rendered":"Optimistojolla"},"content":{"rendered":"\t\t<div data-elementor-type=\"wp-page\" data-elementor-id=\"259\" class=\"elementor elementor-259\" data-elementor-post-type=\"page\">\n\t\t\t\t<div data-particle_enable=\"false\" data-particle-mobile-disabled=\"false\" class=\"elementor-element elementor-element-61ac4928 e-flex e-con-boxed e-con e-parent\" data-id=\"61ac4928\" data-element_type=\"container\" data-e-type=\"container\" data-settings=\"{&quot;background_background&quot;:&quot;classic&quot;}\">\n\t\t\t\t\t<div class=\"e-con-inner\">\n\t\t\t\t<div class=\"elementor-element elementor-element-2dd45ff3 elementor-widget__width-initial elementor-invisible elementor-widget elementor-widget-heading\" data-id=\"2dd45ff3\" data-element_type=\"widget\" data-e-type=\"widget\" data-settings=\"{&quot;_animation&quot;:&quot;fadeIn&quot;}\" data-widget_type=\"heading.default\">\n\t\t\t\t\t<h1 class=\"elementor-heading-title elementor-size-default\">Tietoja optimistijollasta<\/h1>\t\t\t\t<\/div>\n\t\t\t\t\t<\/div>\n\t\t\t\t<\/div>\n\t\t<div data-particle_enable=\"false\" data-particle-mobile-disabled=\"false\" class=\"elementor-element elementor-element-16a6dddc e-flex e-con-boxed e-con e-parent\" data-id=\"16a6dddc\" data-element_type=\"container\" data-e-type=\"container\">\n\t\t\t\t\t<div class=\"e-con-inner\">\n\t\t<div data-particle_enable=\"false\" data-particle-mobile-disabled=\"false\" class=\"elementor-element elementor-element-57ff5526 e-con-full e-flex elementor-invisible e-con e-child\" data-id=\"57ff5526\" data-element_type=\"container\" data-e-type=\"container\" data-settings=\"{&quot;animation&quot;:&quot;slideInUp&quot;,&quot;background_background&quot;:&quot;classic&quot;,&quot;animation_delay&quot;:600}\">\n\t\t<div data-particle_enable=\"false\" data-particle-mobile-disabled=\"false\" class=\"elementor-element elementor-element-57440373 e-con-full e-flex e-con e-child\" data-id=\"57440373\" data-element_type=\"container\" data-e-type=\"container\">\n\t\t\t\t<div class=\"elementor-element elementor-element-14ce573e elementor-widget elementor-widget-icon-box\" data-id=\"14ce573e\" data-element_type=\"widget\" data-e-type=\"widget\" data-widget_type=\"icon-box.default\">\n\t\t\t\t\t\t\t<div class=\"elementor-icon-box-wrapper\">\n\n\t\t\t\n\t\t\t\t\t\t<div class=\"elementor-icon-box-content\">\n\n\t\t\t\t\t\t\t\t\t<h3 class=\"elementor-icon-box-title\">\n\t\t\t\t\t\t<span  >\n\t\t\t\t\t\t\tPerusteet\t\t\t\t\t\t<\/span>\n\t\t\t\t\t<\/h3>\n\t\t\t\t\n\t\t\t\t\n\t\t\t<\/div>\n\t\t\t\n\t\t<\/div>\n\t\t\t\t\t\t<\/div>\n\t\t\t\t<div class=\"elementor-element elementor-element-2dfc5f33 elementor-widget elementor-widget-text-editor\" data-id=\"2dfc5f33\" data-element_type=\"widget\" data-e-type=\"widget\" data-widget_type=\"text-editor.default\">\n\t\t\t\t\t\t\t\t\t<h4 data-start=\"352\" data-end=\"520\">Mik\u00e4 on optimistojolla?<\/h4><p data-start=\"352\" data-end=\"520\">Optimistijolla, eli optari, on juniorikevytvene, jolla voi purjehtia noin 7\u20138-vuotiaasta aina 15-vuotiaaksi saakka tai kunnes purjehtija saavuttaa noin 50 kilon painon.<\/p><p data-start=\"522\" data-end=\"750\">Optimisti on oivallinen alkeisharjoitusvene, jota jo nuorimmatkin purjehtijat pystyv\u00e4t k\u00e4sittelem\u00e4\u00e4n. Se tarjoaa purjehduksellisesti haasteita niin veneenk\u00e4sittelyn kuin kilpailutaktiikankin osalta my\u00f6s kasvavalle purjehtijalle.<\/p><p data-start=\"752\" data-end=\"906\">Moni menestynyt kilpapurjehtija on aloittanut uransa optimistissa, mutta optari on tuttu my\u00f6s monille purjehduksen ja veneilyn parissa muuten viihtyville.<\/p>\t\t\t\t\t\t\t\t<\/div>\n\t\t\t\t<div class=\"elementor-element elementor-element-2a10109 elementor-widget elementor-widget-text-editor\" data-id=\"2a10109\" data-element_type=\"widget\" data-e-type=\"widget\" data-widget_type=\"text-editor.default\">\n\t\t\t\t\t\t\t\t\t<h4 data-start=\"352\" data-end=\"520\">Kenelle optimistijolla sopii?<\/h4><p data-start=\"984\" data-end=\"1174\">Optimistijolla on tarkoitettu lapsille ja nuorille, jotka ottavat ensiaskeleitaan purjehduksen maailmassa \u2013 mutta se tarjoaa riitt\u00e4v\u00e4sti haasteita my\u00f6s tavoitteellisille kilpapurjehtijoille.<\/p><ul data-start=\"1176\" data-end=\"1283\"><li data-start=\"1176\" data-end=\"1200\"><p data-start=\"1178\" data-end=\"1200\">ik\u00e4 noin 7\u201315 vuotta<\/p><\/li><li data-start=\"1201\" data-end=\"1229\"><p data-start=\"1203\" data-end=\"1229\">painosuositus alle 50 kg<\/p><\/li><li data-start=\"1230\" data-end=\"1283\"><p data-start=\"1232\" data-end=\"1283\">sopii sek\u00e4 harrastajille ett\u00e4 kilpapurjehtijoille<\/p><\/li><\/ul>\t\t\t\t\t\t\t\t<\/div>\n\t\t\t\t<\/div>\n\t\t<div data-particle_enable=\"false\" data-particle-mobile-disabled=\"false\" class=\"elementor-element elementor-element-75de53ea e-con-full e-flex e-con e-child\" data-id=\"75de53ea\" data-element_type=\"container\" data-e-type=\"container\" data-settings=\"{&quot;background_background&quot;:&quot;classic&quot;}\">\n\t\t\t\t<\/div>\n\t\t\t\t<\/div>\n\t\t<div data-particle_enable=\"false\" data-particle-mobile-disabled=\"false\" class=\"elementor-element elementor-element-13c7315a e-con-full e-flex elementor-invisible e-con e-child\" data-id=\"13c7315a\" data-element_type=\"container\" data-e-type=\"container\" data-settings=\"{&quot;animation&quot;:&quot;slideInUp&quot;,&quot;background_background&quot;:&quot;classic&quot;,&quot;animation_delay&quot;:600}\">\n\t\t<div data-particle_enable=\"false\" data-particle-mobile-disabled=\"false\" class=\"elementor-element elementor-element-11662724 e-con-full e-flex e-con e-child\" data-id=\"11662724\" data-element_type=\"container\" data-e-type=\"container\">\n\t\t\t\t<div class=\"elementor-element elementor-element-161c09ec elementor-widget elementor-widget-icon-box\" data-id=\"161c09ec\" data-element_type=\"widget\" data-e-type=\"widget\" data-widget_type=\"icon-box.default\">\n\t\t\t\t\t\t\t<div class=\"elementor-icon-box-wrapper\">\n\n\t\t\t\n\t\t\t\t\t\t<div class=\"elementor-icon-box-content\">\n\n\t\t\t\t\t\t\t\t\t<h3 class=\"elementor-icon-box-title\">\n\t\t\t\t\t\t<span  >\n\t\t\t\t\t\t\tVene ja luokka\t\t\t\t\t\t<\/span>\n\t\t\t\t\t<\/h3>\n\t\t\t\t\n\t\t\t\t\n\t\t\t<\/div>\n\t\t\t\n\t\t<\/div>\n\t\t\t\t\t\t<\/div>\n\t\t\t\t<div class=\"elementor-element elementor-element-9801ddc elementor-widget elementor-widget-text-editor\" data-id=\"9801ddc\" data-element_type=\"widget\" data-e-type=\"widget\" data-widget_type=\"text-editor.default\">\n\t\t\t\t\t\t\t\t\t<h4 data-start=\"352\" data-end=\"520\">Yksityyppiluokka<\/h4><p data-start=\"1330\" data-end=\"1482\">Optimistijolla on yksityyppiluokka, jossa veneet ovat oleellisilta osiltaan samanlaiset. Kilpailuissa ratkaisevat purjehtijan taidot \u2013 ei kaluston erot.<\/p><p data-start=\"1484\" data-end=\"1615\">Kilpailujollat ovat one design -lujitemuovijollia, mutta harjoitusveneen\u00e4 k\u00e4yv\u00e4t hyvin my\u00f6s vanhemmat lujitemuovi- ja vanerijollat.<\/p>\t\t\t\t\t\t\t\t<\/div>\n\t\t\t\t<div class=\"elementor-element elementor-element-3dead7f elementor-widget elementor-widget-text-editor\" data-id=\"3dead7f\" data-element_type=\"widget\" data-e-type=\"widget\" data-widget_type=\"text-editor.default\">\n\t\t\t\t\t\t\t\t\t<h4 data-start=\"352\" data-end=\"520\">Optimistijollat Suomessa<\/h4><p data-start=\"1651\" data-end=\"1853\">Optimistijollia on Suomessa useita satoja, joten k\u00e4ytettyjen veneiden ja varusteiden markkinat ovat toimivat. K\u00e4ytettyj\u00e4 jollia ja varusteita voi myyd\u00e4 ja ostaa my\u00f6s n\u00e4iden sivujen v\u00e4linep\u00f6rssin kautta.<\/p><p data-start=\"1855\" data-end=\"1914\">Uusia optimistijollia valmistetaan aktiivisesti eri maissa.<\/p><p>\u00a0<\/p>\t\t\t\t\t\t\t\t<\/div>\n\t\t\t\t<\/div>\n\t\t<div data-particle_enable=\"false\" data-particle-mobile-disabled=\"false\" class=\"elementor-element elementor-element-43df4e00 e-con-full e-flex e-con e-child\" data-id=\"43df4e00\" data-element_type=\"container\" data-e-type=\"container\" data-settings=\"{&quot;background_background&quot;:&quot;classic&quot;}\">\n\t\t\t\t<\/div>\n\t\t\t\t<\/div>\n\t\t<div data-particle_enable=\"false\" data-particle-mobile-disabled=\"false\" class=\"elementor-element elementor-element-442fa4d4 e-con-full e-flex elementor-invisible e-con e-child\" data-id=\"442fa4d4\" data-element_type=\"container\" data-e-type=\"container\" data-settings=\"{&quot;animation&quot;:&quot;slideInUp&quot;,&quot;background_background&quot;:&quot;classic&quot;,&quot;animation_delay&quot;:600}\">\n\t\t<div data-particle_enable=\"false\" data-particle-mobile-disabled=\"false\" class=\"elementor-element elementor-element-1a886df4 e-con-full e-flex e-con e-child\" data-id=\"1a886df4\" data-element_type=\"container\" data-e-type=\"container\">\n\t\t\t\t<div class=\"elementor-element elementor-element-64662343 elementor-widget elementor-widget-icon-box\" data-id=\"64662343\" data-element_type=\"widget\" data-e-type=\"widget\" data-widget_type=\"icon-box.default\">\n\t\t\t\t\t\t\t<div class=\"elementor-icon-box-wrapper\">\n\n\t\t\t\n\t\t\t\t\t\t<div class=\"elementor-icon-box-content\">\n\n\t\t\t\t\t\t\t\t\t<h3 class=\"elementor-icon-box-title\">\n\t\t\t\t\t\t<span  >\n\t\t\t\t\t\t\tRekister\u00f6inti ja s\u00e4\u00e4nn\u00f6t\t\t\t\t\t\t<\/span>\n\t\t\t\t\t<\/h3>\n\t\t\t\t\n\t\t\t\t\n\t\t\t<\/div>\n\t\t\t\n\t\t<\/div>\n\t\t\t\t\t\t<\/div>\n\t\t\t\t<div class=\"elementor-element elementor-element-f859977 elementor-widget elementor-widget-text-editor\" data-id=\"f859977\" data-element_type=\"widget\" data-e-type=\"widget\" data-widget_type=\"text-editor.default\">\n\t\t\t\t\t\t\t\t\t<h4 data-start=\"352\" data-end=\"520\">Rekister\u00f6inti ja omistajanvaihdos<\/h4><p>Optimistijollien rekister\u00f6innin hoitaa Suomen Purjehdus ja Veneily ry (SPV). Omistajanvaihdokset ilmoitetaan SPV:lle.<\/p>\t\t\t\t\t\t\t\t<\/div>\n\t\t\t\t<div class=\"elementor-element elementor-element-0a1376c elementor-widget elementor-widget-text-editor\" data-id=\"0a1376c\" data-element_type=\"widget\" data-e-type=\"widget\" data-widget_type=\"text-editor.default\">\n\t\t\t\t\t\t\t\t\t<h4 data-start=\"352\" data-end=\"520\">Piirustukset ja kansainv\u00e4linen luokkaliitto<\/h4><p>Optimistijollien piirustuksia voi tilata International Optimist Dinghy Associationilta (IODA, nykyisin Sail Optimist). Linkki l\u00f6ytyy t\u00e4lt\u00e4 sivustolta.<\/p>\t\t\t\t\t\t\t\t<\/div>\n\t\t\t\t<div class=\"elementor-element elementor-element-8804311 elementor-widget elementor-widget-text-editor\" data-id=\"8804311\" data-element_type=\"widget\" data-e-type=\"widget\" data-widget_type=\"text-editor.default\">\n\t\t\t\t\t\t\t\t\t<h4 data-start=\"352\" data-end=\"520\">Mittaus ja mittakirja<\/h4><p data-start=\"2343\" data-end=\"2436\">Optimistijolla on mitattava vene, ja kilpailuissa sill\u00e4 tulee olla voimassa oleva mittakirja.<\/p><ul data-start=\"2438\" data-end=\"2572\"><li data-start=\"2438\" data-end=\"2482\"><p data-start=\"2440\" data-end=\"2482\">uuden jollan tulee t\u00e4ytt\u00e4\u00e4 luokkas\u00e4\u00e4nn\u00f6t<\/p><\/li><li data-start=\"2483\" data-end=\"2527\"><p data-start=\"2485\" data-end=\"2527\">mittakirja on oltava mukana kilpailuissa<\/p><\/li><li data-start=\"2528\" data-end=\"2572\"><p data-start=\"2530\" data-end=\"2572\">purjeiden ja veneen tulee olla mitattuja<\/p><\/li><\/ul>\t\t\t\t\t\t\t\t<\/div>\n\t\t\t\t<div class=\"elementor-element elementor-element-b8abba1 elementor-widget elementor-widget-text-editor\" data-id=\"b8abba1\" data-element_type=\"widget\" data-e-type=\"widget\" data-widget_type=\"text-editor.default\">\n\t\t\t\t\t\t\t\t\t<h4 data-start=\"352\" data-end=\"520\">Purjeet ja luokkamerkinn\u00e4t<\/h4><p>Kaikissa purjeissa tulee olla IODA:n purjenappi. Purjenapit tilataan liiton kautta.<\/p>\t\t\t\t\t\t\t\t<\/div>\n\t\t\t\t<div class=\"elementor-element elementor-element-a9663d6 elementor-widget elementor-widget-text-editor\" data-id=\"a9663d6\" data-element_type=\"widget\" data-e-type=\"widget\" data-widget_type=\"text-editor.default\">\n\t\t\t\t\t\t\t\t\t<h4 data-start=\"352\" data-end=\"520\">Mittaajat ja lis\u00e4tiedot<\/h4><p>Mittauksia suorittavien henkil\u00f6iden yhteystiedot l\u00f6ytyv\u00e4t <a href=\"https:\/\/spv.fi\/\" target=\"_blank\" rel=\"noopener\">Suomen Purjehdus ja Veneily ry:n verkkosivuilta.<\/a> Lis\u00e4tietoja saa my\u00f6s Suomen Optimistijollaliitolta.<\/p>\t\t\t\t\t\t\t\t<\/div>\n\t\t\t\t<\/div>\n\t\t<div data-particle_enable=\"false\" data-particle-mobile-disabled=\"false\" class=\"elementor-element elementor-element-3201bd8a e-con-full e-flex e-con e-child\" data-id=\"3201bd8a\" data-element_type=\"container\" data-e-type=\"container\" data-settings=\"{&quot;background_background&quot;:&quot;classic&quot;}\">\n\t\t\t\t<\/div>\n\t\t\t\t<\/div>\n\t\t<div data-particle_enable=\"false\" data-particle-mobile-disabled=\"false\" class=\"elementor-element elementor-element-1b775abd e-con-full e-flex elementor-invisible e-con e-child\" data-id=\"1b775abd\" data-element_type=\"container\" data-e-type=\"container\" data-settings=\"{&quot;animation&quot;:&quot;slideInUp&quot;,&quot;background_background&quot;:&quot;classic&quot;,&quot;animation_delay&quot;:600}\">\n\t\t<div data-particle_enable=\"false\" data-particle-mobile-disabled=\"false\" class=\"elementor-element elementor-element-6d7f707e e-con-full e-flex e-con e-child\" data-id=\"6d7f707e\" data-element_type=\"container\" data-e-type=\"container\">\n\t\t\t\t<div class=\"elementor-element elementor-element-3505dbcf elementor-widget elementor-widget-icon-box\" data-id=\"3505dbcf\" data-element_type=\"widget\" data-e-type=\"widget\" data-widget_type=\"icon-box.default\">\n\t\t\t\t\t\t\t<div class=\"elementor-icon-box-wrapper\">\n\n\t\t\t\n\t\t\t\t\t\t<div class=\"elementor-icon-box-content\">\n\n\t\t\t\t\t\t\t\t\t<h3 class=\"elementor-icon-box-title\">\n\t\t\t\t\t\t<span  >\n\t\t\t\t\t\t\tHyv\u00e4 tiet\u00e4\u00e4\t\t\t\t\t\t<\/span>\n\t\t\t\t\t<\/h3>\n\t\t\t\t\n\t\t\t\t\n\t\t\t<\/div>\n\t\t\t\n\t\t<\/div>\n\t\t\t\t\t\t<\/div>\n\t\t\t\t<div class=\"elementor-element elementor-element-69802da elementor-widget elementor-widget-text-editor\" data-id=\"69802da\" data-element_type=\"widget\" data-e-type=\"widget\" data-widget_type=\"text-editor.default\">\n\t\t\t\t\t\t\t\t\t<h4 data-start=\"352\" data-end=\"520\">K\u00e4ytetty vene vai uusi?<\/h4><p>Ensimm\u00e4iseksi veneeksi suositellaan usein k\u00e4ytetty\u00e4 optimistijollaa. Veneiden, purjeiden ja varusteiden kunto vaihtelee, ja erityisesti mittakirjan olemassaolo on t\u00e4rke\u00e4\u00e4 kilpailuja ajatellen.<\/p>\t\t\t\t\t\t\t\t<\/div>\n\t\t\t\t<\/div>\n\t\t<div data-particle_enable=\"false\" data-particle-mobile-disabled=\"false\" class=\"elementor-element elementor-element-7c870ddb e-con-full e-flex e-con e-child\" data-id=\"7c870ddb\" data-element_type=\"container\" data-e-type=\"container\" data-settings=\"{&quot;background_background&quot;:&quot;classic&quot;}\">\n\t\t\t\t<div class=\"elementor-element elementor-element-36a5be8 elementor-widget elementor-widget-text-editor\" data-id=\"36a5be8\" data-element_type=\"widget\" data-e-type=\"widget\" data-widget_type=\"text-editor.default\">\n\t\t\t\t\t\t\t\t\t<h4 data-start=\"352\" data-end=\"520\">Varusteet ja kuluvat osat<\/h4><p>Optimistijollien rikit, ev\u00e4t, purjeet ja kellukkeet ovat runkoa enemm\u00e4n kulutustavaraa ja niit\u00e4 voi joutua hankkimaan erikseen.<\/p>\t\t\t\t\t\t\t\t<\/div>\n\t\t\t\t<\/div>\n\t\t\t\t<\/div>\n\t\t\t\t\t<\/div>\n\t\t\t\t<\/div>\n\t\t\t\t<\/div>\n\t\t","protected":false},"excerpt":{"rendered":"<p>Tietoja optimistijollasta Perusteet Mik\u00e4 on optimistojolla? Optimistijolla, eli optari, on juniorikevytvene, jolla voi purjehtia noin 7\u20138-vuotiaasta aina 15-vuotiaaksi saakka tai kunnes purjehtija saavuttaa noin 50 kilon painon. Optimisti on oivallinen alkeisharjoitusvene, jota jo nuorimmatkin purjehtijat pystyv\u00e4t k\u00e4sittelem\u00e4\u00e4n. Se tarjoaa purjehduksellisesti haasteita niin veneenk\u00e4sittelyn kuin kilpailutaktiikankin osalta my\u00f6s kasvavalle purjehtijalle. Moni menestynyt kilpapurjehtija on aloittanut uransa [&hellip;]<\/p>\n","protected":false},"author":2,"featured_media":238,"parent":0,"menu_order":0,"comment_status":"closed","ping_status":"closed","template":"elementor_header_footer","meta":{"footnotes":""},"class_list":["post-259","page","type-page","status-publish","has-post-thumbnail","hentry"],"_links":{"self":[{"href":"https:\/\/www.foda.fi\/index.php\/wp-json\/wp\/v2\/pages\/259","targetHints":{"allow":["GET"]}}],"collection":[{"href":"https:\/\/www.foda.fi\/index.php\/wp-json\/wp\/v2\/pages"}],"about":[{"href":"https:\/\/www.foda.fi\/index.php\/wp-json\/wp\/v2\/types\/page"}],"author":[{"embeddable":true,"href":"https:\/\/www.foda.fi\/index.php\/wp-json\/wp\/v2\/users\/2"}],"replies":[{"embeddable":true,"href":"https:\/\/www.foda.fi\/index.php\/wp-json\/wp\/v2\/comments?post=259"}],"version-history":[{"count":22,"href":"https:\/\/www.foda.fi\/index.php\/wp-json\/wp\/v2\/pages\/259\/revisions"}],"predecessor-version":[{"id":956,"href":"https:\/\/www.foda.fi\/index.php\/wp-json\/wp\/v2\/pages\/259\/revisions\/956"}],"wp:featuredmedia":[{"embeddable":true,"href":"https:\/\/www.foda.fi\/index.php\/wp-json\/wp\/v2\/media\/238"}],"wp:attachment":[{"href":"https:\/\/www.foda.fi\/index.php\/wp-json\/wp\/v2\/media?parent=259"}],"curies":[{"name":"wp","href":"https:\/\/api.w.org\/{rel}","templated":true}]}}