{"id":278,"date":"2026-01-29T11:13:50","date_gmt":"2026-01-29T09:13:50","guid":{"rendered":"https:\/\/www.foda.fi\/?page_id=278"},"modified":"2026-02-23T09:40:08","modified_gmt":"2026-02-23T07:40:08","slug":"vanhemmille","status":"publish","type":"page","link":"https:\/\/www.foda.fi\/index.php\/vanhemmille\/","title":{"rendered":"Vanhemmille"},"content":{"rendered":"\t\t<div data-elementor-type=\"wp-page\" data-elementor-id=\"278\" class=\"elementor elementor-278\" data-elementor-post-type=\"page\">\n\t\t\t\t<div data-particle_enable=\"false\" data-particle-mobile-disabled=\"false\" class=\"elementor-element elementor-element-2dcd66ef e-flex e-con-boxed e-con e-parent\" data-id=\"2dcd66ef\" data-element_type=\"container\" data-e-type=\"container\" data-settings=\"{&quot;background_background&quot;:&quot;classic&quot;}\">\n\t\t\t\t\t<div class=\"e-con-inner\">\n\t\t\t\t<div class=\"elementor-element elementor-element-207211ca elementor-widget__width-initial elementor-invisible elementor-widget elementor-widget-heading\" data-id=\"207211ca\" data-element_type=\"widget\" data-e-type=\"widget\" data-settings=\"{&quot;_animation&quot;:&quot;fadeIn&quot;}\" data-widget_type=\"heading.default\">\n\t\t\t\t\t<h1 class=\"elementor-heading-title elementor-size-default\">Optimistipurjehdus \u2013 koko perheen harrastus<\/h1>\t\t\t\t<\/div>\n\t\t\t\t<div class=\"elementor-element elementor-element-8a379ba elementor-widget__width-initial elementor-invisible elementor-widget elementor-widget-text-editor\" data-id=\"8a379ba\" data-element_type=\"widget\" data-e-type=\"widget\" data-settings=\"{&quot;_animation&quot;:&quot;fadeIn&quot;,&quot;_animation_delay&quot;:300}\" data-widget_type=\"text-editor.default\">\n\t\t\t\t\t\t\t\t\t<h4 data-start=\"441\" data-end=\"622\">Vanhempien rooli harrastuksessa<\/h4><p data-start=\"441\" data-end=\"622\">Optimistipurjehdus on parhaimmillaan koko perheen yhteist\u00e4 toimintaa. Nuorimmat purjehtijat tarvitsevat apua jollan k\u00e4sittelyss\u00e4 rannalla sek\u00e4 l\u00e4ht\u00f6jen ja rantautumisten yhteydess\u00e4.<\/p><p data-start=\"624\" data-end=\"864\">Kasvava purjehtija tarvitsee my\u00f6s kuljetusapua harjoituksiin ja kilpailuihin eri puolille Suomea. Taitojen karttuessa tarjoutuu mahdollisuuksia harjoitusleireihin ja kilpailuihin my\u00f6s ulkomailla sek\u00e4 edustusteht\u00e4viin PM-, EM- ja MM-tasolla.<\/p>\t\t\t\t\t\t\t\t<\/div>\n\t\t\t\t\t<\/div>\n\t\t\t\t<\/div>\n\t\t<div data-particle_enable=\"false\" data-particle-mobile-disabled=\"false\" class=\"elementor-element elementor-element-2ad46e59 e-flex e-con-boxed e-con e-parent\" data-id=\"2ad46e59\" data-element_type=\"container\" data-e-type=\"container\">\n\t\t\t\t\t<div class=\"e-con-inner\">\n\t\t<div data-particle_enable=\"false\" data-particle-mobile-disabled=\"false\" class=\"elementor-element elementor-element-56420556 e-con-full e-flex elementor-invisible e-con e-child\" data-id=\"56420556\" data-element_type=\"container\" data-e-type=\"container\" data-settings=\"{&quot;animation&quot;:&quot;slideInUp&quot;,&quot;background_background&quot;:&quot;classic&quot;,&quot;animation_delay&quot;:600}\">\n\t\t<div data-particle_enable=\"false\" data-particle-mobile-disabled=\"false\" class=\"elementor-element elementor-element-7a9ddb7b e-con-full e-flex e-con e-child\" data-id=\"7a9ddb7b\" data-element_type=\"container\" data-e-type=\"container\">\n\t\t\t\t<div class=\"elementor-element elementor-element-3e273f55 elementor-widget elementor-widget-icon-box\" data-id=\"3e273f55\" data-element_type=\"widget\" data-e-type=\"widget\" data-widget_type=\"icon-box.default\">\n\t\t\t\t\t\t\t<div class=\"elementor-icon-box-wrapper\">\n\n\t\t\t\n\t\t\t\t\t\t<div class=\"elementor-icon-box-content\">\n\n\t\t\t\t\t\t\t\t\t<h3 class=\"elementor-icon-box-title\">\n\t\t\t\t\t\t<span  >\n\t\t\t\t\t\t\tN\u00e4in p\u00e4\u00e4see alkuun\t\t\t\t\t\t<\/span>\n\t\t\t\t\t<\/h3>\n\t\t\t\t\n\t\t\t\t\n\t\t\t<\/div>\n\t\t\t\n\t\t<\/div>\n\t\t\t\t\t\t<\/div>\n\t\t\t\t<div class=\"elementor-element elementor-element-4655e12c elementor-widget elementor-widget-text-editor\" data-id=\"4655e12c\" data-element_type=\"widget\" data-e-type=\"widget\" data-widget_type=\"text-editor.default\">\n\t\t\t\t\t\t\t\t\t<h4 data-start=\"352\" data-end=\"520\">Seurat ja purjehduskoulut<\/h4><p data-start=\"924\" data-end=\"1059\">Purjehduksen alkuun p\u00e4\u00e4see parhaiten l\u00e4himm\u00e4n pursiseuran j\u00e4rjest\u00e4mill\u00e4 purjehduskursseilla ja osallistumalla seuran junioritoimintaan.<\/p><p data-start=\"1061\" data-end=\"1267\">Lista Suomen Optimistijollaliiton j\u00e4senseuroista l\u00f6ytyy <a href=\"https:\/\/www.foda.fi\/index.php\/jasenseurat\/\">n\u00e4ilt\u00e4 sivuilta<\/a>. Lis\u00e4tietoja pursiseuroista ja niiden yhteyshenkil\u00f6ist\u00e4 sek\u00e4 Suomen Purjehdus ja Veneily ry:n toiminnasta l\u00f6ytyy SPV:n verkkosivuilta.<\/p>\t\t\t\t\t\t\t\t<\/div>\n\t\t\t\t<div class=\"elementor-element elementor-element-c91cfb4 elementor-widget elementor-widget-text-editor\" data-id=\"c91cfb4\" data-element_type=\"widget\" data-e-type=\"widget\" data-widget_type=\"text-editor.default\">\n\t\t\t\t\t\t\t\t\t<h4 data-start=\"352\" data-end=\"520\">Oma vene vai seuran vene?<\/h4><p data-start=\"1304\" data-end=\"1420\">Aloittelija p\u00e4\u00e4see yleens\u00e4 k\u00e4ytt\u00e4m\u00e4\u00e4n seurojen harjoitusjollia, joten omaa venett\u00e4 ei aivan aluksi tarvitse hankkia.<\/p><p data-start=\"1422\" data-end=\"1529\">Monilla seuroilla on my\u00f6s kilpajollia, joten kilpapurjehduksen voi aloittaa ilman suuria alkuinvestointeja.<\/p>\t\t\t\t\t\t\t\t<\/div>\n\t\t\t\t<\/div>\n\t\t<div data-particle_enable=\"false\" data-particle-mobile-disabled=\"false\" class=\"elementor-element elementor-element-677bde40 e-con-full e-flex e-con e-child\" data-id=\"677bde40\" data-element_type=\"container\" data-e-type=\"container\" data-settings=\"{&quot;background_background&quot;:&quot;classic&quot;}\">\n\t\t\t\t<\/div>\n\t\t\t\t<\/div>\n\t\t<div data-particle_enable=\"false\" data-particle-mobile-disabled=\"false\" class=\"elementor-element elementor-element-7948ff23 e-con-full e-flex elementor-invisible e-con e-child\" data-id=\"7948ff23\" data-element_type=\"container\" data-e-type=\"container\" data-settings=\"{&quot;animation&quot;:&quot;slideInUp&quot;,&quot;background_background&quot;:&quot;classic&quot;,&quot;animation_delay&quot;:600}\">\n\t\t<div data-particle_enable=\"false\" data-particle-mobile-disabled=\"false\" class=\"elementor-element elementor-element-1142a292 e-con-full e-flex e-con e-child\" data-id=\"1142a292\" data-element_type=\"container\" data-e-type=\"container\">\n\t\t\t\t<div class=\"elementor-element elementor-element-120aed7e elementor-widget elementor-widget-icon-box\" data-id=\"120aed7e\" data-element_type=\"widget\" data-e-type=\"widget\" data-widget_type=\"icon-box.default\">\n\t\t\t\t\t\t\t<div class=\"elementor-icon-box-wrapper\">\n\n\t\t\t\n\t\t\t\t\t\t<div class=\"elementor-icon-box-content\">\n\n\t\t\t\t\t\t\t\t\t<h3 class=\"elementor-icon-box-title\">\n\t\t\t\t\t\t<span  >\n\t\t\t\t\t\t\tVarusteet ja k\u00e4yt\u00e4nn\u00f6n asiat\t\t\t\t\t\t<\/span>\n\t\t\t\t\t<\/h3>\n\t\t\t\t\n\t\t\t\t\n\t\t\t<\/div>\n\t\t\t\n\t\t<\/div>\n\t\t\t\t\t\t<\/div>\n\t\t\t\t<div class=\"elementor-element elementor-element-645fc7fa elementor-widget elementor-widget-text-editor\" data-id=\"645fc7fa\" data-element_type=\"widget\" data-e-type=\"widget\" data-widget_type=\"text-editor.default\">\n\t\t\t\t\t\t\t\t\t<h4 data-start=\"352\" data-end=\"520\">Perusvarusteet purjehtijalle<\/h4><p data-start=\"1602\" data-end=\"1661\">Alusta alkaen on t\u00e4rke\u00e4\u00e4 huolehtia sopivasta varustuksesta:<\/p><ul data-start=\"1663\" data-end=\"1912\"><li data-start=\"1663\" data-end=\"1707\"><p data-start=\"1665\" data-end=\"1707\">pelastusliivit purjehtijan painon mukaan<\/p><\/li><li data-start=\"1708\" data-end=\"1755\"><p data-start=\"1710\" data-end=\"1755\">tuulenpit\u00e4v\u00e4 ja kastumista kest\u00e4v\u00e4 vaatetus<\/p><\/li><li data-start=\"1756\" data-end=\"1823\"><p data-start=\"1758\" data-end=\"1823\">kev\u00e4\u00e4ll\u00e4 ja syksyll\u00e4 kuivapuku tai v\u00e4hint\u00e4\u00e4n peitt\u00e4v\u00e4 m\u00e4rk\u00e4puku<\/p><\/li><li data-start=\"1824\" data-end=\"1865\"><p data-start=\"1826\" data-end=\"1865\">aurinkolasit, p\u00e4\u00e4hine ja aurinkosuoja<\/p><\/li><li data-start=\"1866\" data-end=\"1912\"><p data-start=\"1868\" data-end=\"1912\">varavaatteet harjoituksiin ja kilpailuihin<\/p><\/li><\/ul><p>\u00a0<\/p>\t\t\t\t\t\t\t\t<\/div>\n\t\t\t\t<div class=\"elementor-element elementor-element-6fe29f84 elementor-widget elementor-widget-text-editor\" data-id=\"6fe29f84\" data-element_type=\"widget\" data-e-type=\"widget\" data-widget_type=\"text-editor.default\">\n\t\t\t\t\t\t\t\t\t<h4 data-start=\"352\" data-end=\"520\">Oman jollan hankinta<\/h4><p data-start=\"1944\" data-end=\"2044\">Kun oman jollan hankinta tulee ajankohtaiseksi, ensiveneeksi suositellaan k\u00e4ytetty\u00e4 optimistijollaa.<\/p><p data-start=\"2046\" data-end=\"2091\">Myynniss\u00e4 olevia jollia ja varusteita l\u00f6ytyy mm. Optimistijollaliiton Facebook-ryhmist\u00e4, veneily- ja purjehduslehdist\u00e4 ja venesatamien ilmoitustauluilta.<\/p><p data-start=\"2205\" data-end=\"2399\">Jollaa ostettaessa on t\u00e4rke\u00e4\u00e4 varmistaa, ett\u00e4 veneell\u00e4 on mittakirja. Ilman mittakirjaa osallistuminen ranking-, kansallisiin tai kansainv\u00e4lisiin kilpailuihin ei ole mahdollista ilman mittausta.<\/p>\t\t\t\t\t\t\t\t<\/div>\n\t\t\t\t<div class=\"elementor-element elementor-element-44e62d8 elementor-widget elementor-widget-text-editor\" data-id=\"44e62d8\" data-element_type=\"widget\" data-e-type=\"widget\" data-widget_type=\"text-editor.default\">\n\t\t\t\t\t\t\t\t\t<h4 data-start=\"352\" data-end=\"520\">Kalusto ja kuluvat osat<\/h4><p data-start=\"2434\" data-end=\"2567\">Optimistijollien rikit, ev\u00e4t, purjeet ja kellukkeet kuluvat runkoa enemm\u00e4n ja niit\u00e4 joudutaan usein uusimaan purjehtijan kehittyess\u00e4.<\/p><p data-start=\"2569\" data-end=\"2686\">N\u00e4it\u00e4kin voi usein hankkia k\u00e4ytettyin\u00e4 esimerkiksi aktiivisemmin kilpailevien purjehtijoiden p\u00e4ivitt\u00e4ess\u00e4 kalustoaan.<\/p><p>\u00a0<\/p>\t\t\t\t\t\t\t\t<\/div>\n\t\t\t\t<\/div>\n\t\t<div data-particle_enable=\"false\" data-particle-mobile-disabled=\"false\" class=\"elementor-element elementor-element-7667866c e-con-full e-flex e-con e-child\" data-id=\"7667866c\" data-element_type=\"container\" data-e-type=\"container\" data-settings=\"{&quot;background_background&quot;:&quot;classic&quot;}\">\n\t\t\t\t<\/div>\n\t\t\t\t<\/div>\n\t\t<div data-particle_enable=\"false\" data-particle-mobile-disabled=\"false\" class=\"elementor-element elementor-element-22e4ebc2 e-con-full e-flex elementor-invisible e-con e-child\" data-id=\"22e4ebc2\" data-element_type=\"container\" data-e-type=\"container\" data-settings=\"{&quot;animation&quot;:&quot;slideInUp&quot;,&quot;background_background&quot;:&quot;classic&quot;,&quot;animation_delay&quot;:600}\">\n\t\t<div data-particle_enable=\"false\" data-particle-mobile-disabled=\"false\" class=\"elementor-element elementor-element-5d9eda6f e-con-full e-flex e-con e-child\" data-id=\"5d9eda6f\" data-element_type=\"container\" data-e-type=\"container\">\n\t\t\t\t<div class=\"elementor-element elementor-element-49e13963 elementor-widget elementor-widget-icon-box\" data-id=\"49e13963\" data-element_type=\"widget\" data-e-type=\"widget\" data-widget_type=\"icon-box.default\">\n\t\t\t\t\t\t\t<div class=\"elementor-icon-box-wrapper\">\n\n\t\t\t\n\t\t\t\t\t\t<div class=\"elementor-icon-box-content\">\n\n\t\t\t\t\t\t\t\t\t<h3 class=\"elementor-icon-box-title\">\n\t\t\t\t\t\t<span  >\n\t\t\t\t\t\t\tHarjoittelu ja kehittyminen\t\t\t\t\t\t<\/span>\n\t\t\t\t\t<\/h3>\n\t\t\t\t\n\t\t\t\t\n\t\t\t<\/div>\n\t\t\t\n\t\t<\/div>\n\t\t\t\t\t\t<\/div>\n\t\t\t\t<div class=\"elementor-element elementor-element-52ab6cba elementor-widget elementor-widget-text-editor\" data-id=\"52ab6cba\" data-element_type=\"widget\" data-e-type=\"widget\" data-widget_type=\"text-editor.default\">\n\t\t\t\t\t\t\t\t\t<h4 data-start=\"352\" data-end=\"520\">Jollan rikaus ja s\u00e4\u00e4t\u00e4minen<\/h4><p data-start=\"2757\" data-end=\"2876\">Jokaisen purjehtijan on v\u00e4hitellen opittava rikaamaan jollansa purjehduskuntoon. Alussa t\u00e4h\u00e4n tarvitaan vanhemman apua.<\/p><p data-start=\"2878\" data-end=\"3070\">Vanhemmat saavat neuvoja rannassa valmentajilta ja kokeneemmilta vanhemmilta. Peruss\u00e4\u00e4d\u00f6t oppii parhaiten seuraamalla, kyselem\u00e4ll\u00e4 ja kirjaamalla yl\u00f6s hyv\u00e4ksi havaitut s\u00e4\u00e4d\u00f6t eri olosuhteissa.<\/p>\t\t\t\t\t\t\t\t<\/div>\n\t\t\t\t<div class=\"elementor-element elementor-element-248a3958 elementor-widget elementor-widget-text-editor\" data-id=\"248a3958\" data-element_type=\"widget\" data-e-type=\"widget\" data-widget_type=\"text-editor.default\">\n\t\t\t\t\t\t\t\t\t<h4 data-start=\"352\" data-end=\"520\">Kilpailuihin osallistuminen<\/h4><p data-start=\"3109\" data-end=\"3225\">Perusasioiden oppimisen j\u00e4lkeen kannattaa l\u00e4hte\u00e4 kilparadalle oppimaan purjehdusta ja taktiikkaa isommassa joukossa.<\/p><p data-start=\"3227\" data-end=\"3251\">Kilpailumatkat vaativat kuljettajia jollille ja purjehtijoille, huoltajia ja turvaveneit\u00e4 sek\u00e4 vapaaehtoisia kilpailujen j\u00e4rjest\u00e4miseen.<\/p>\t\t\t\t\t\t\t\t<\/div>\n\t\t\t\t<div class=\"elementor-element elementor-element-6a6e85f3 elementor-widget elementor-widget-text-editor\" data-id=\"6a6e85f3\" data-element_type=\"widget\" data-e-type=\"widget\" data-widget_type=\"text-editor.default\">\n\t\t\t\t\t\t\t\t\t<h4 data-start=\"352\" data-end=\"520\">Mittaus ja mittakirja<\/h4><p data-start=\"2343\" data-end=\"2436\">Optimistijolla on mitattava vene, ja kilpailuissa sill\u00e4 tulee olla voimassa oleva mittakirja.<\/p><ul data-start=\"2438\" data-end=\"2572\"><li data-start=\"2438\" data-end=\"2482\"><p data-start=\"2440\" data-end=\"2482\">uuden jollan tulee t\u00e4ytt\u00e4\u00e4 luokkas\u00e4\u00e4nn\u00f6t<\/p><\/li><li data-start=\"2483\" data-end=\"2527\"><p data-start=\"2485\" data-end=\"2527\">mittakirja on oltava mukana kilpailuissa<\/p><\/li><li data-start=\"2528\" data-end=\"2572\"><p data-start=\"2530\" data-end=\"2572\">purjeiden ja veneen tulee olla mitattuja<\/p><\/li><\/ul>\t\t\t\t\t\t\t\t<\/div>\n\t\t\t\t<div class=\"elementor-element elementor-element-776d6e83 elementor-widget elementor-widget-text-editor\" data-id=\"776d6e83\" data-element_type=\"widget\" data-e-type=\"widget\" data-widget_type=\"text-editor.default\">\n\t\t\t\t\t\t\t\t\t<h4 data-start=\"352\" data-end=\"520\">Purjeet ja luokkamerkinn\u00e4t<\/h4><p>Kaikissa purjeissa tulee olla IODA:n purjenappi. Purjenapit tilataan liiton kautta.<\/p>\t\t\t\t\t\t\t\t<\/div>\n\t\t\t\t<div class=\"elementor-element elementor-element-31ad3703 elementor-widget elementor-widget-text-editor\" data-id=\"31ad3703\" data-element_type=\"widget\" data-e-type=\"widget\" data-widget_type=\"text-editor.default\">\n\t\t\t\t\t\t\t\t\t<h4 data-start=\"352\" data-end=\"520\">Mittaajat ja lis\u00e4tiedot<\/h4><p>Mittauksia suorittavien henkil\u00f6iden yhteystiedot l\u00f6ytyv\u00e4t <a href=\"https:\/\/spv.fi\/\" target=\"_blank\" rel=\"noopener\">Suomen Purjehdus ja Veneily ry:n verkkosivuilta.<\/a> Lis\u00e4tietoja saa my\u00f6s Suomen Optimistijollaliitolta.<\/p>\t\t\t\t\t\t\t\t<\/div>\n\t\t\t\t<\/div>\n\t\t<div data-particle_enable=\"false\" data-particle-mobile-disabled=\"false\" class=\"elementor-element elementor-element-f8d1571 e-con-full e-flex e-con e-child\" data-id=\"f8d1571\" data-element_type=\"container\" data-e-type=\"container\" data-settings=\"{&quot;background_background&quot;:&quot;classic&quot;}\">\n\t\t\t\t<\/div>\n\t\t\t\t<\/div>\n\t\t<div data-particle_enable=\"false\" data-particle-mobile-disabled=\"false\" class=\"elementor-element elementor-element-17ba2d51 e-con-full e-flex elementor-invisible e-con e-child\" data-id=\"17ba2d51\" data-element_type=\"container\" data-e-type=\"container\" data-settings=\"{&quot;animation&quot;:&quot;slideInUp&quot;,&quot;background_background&quot;:&quot;classic&quot;,&quot;animation_delay&quot;:600}\">\n\t\t<div data-particle_enable=\"false\" data-particle-mobile-disabled=\"false\" class=\"elementor-element elementor-element-36501cb e-con-full e-flex e-con e-child\" data-id=\"36501cb\" data-element_type=\"container\" data-e-type=\"container\">\n\t\t\t\t<div class=\"elementor-element elementor-element-7801e06 elementor-widget elementor-widget-icon-box\" data-id=\"7801e06\" data-element_type=\"widget\" data-e-type=\"widget\" data-widget_type=\"icon-box.default\">\n\t\t\t\t\t\t\t<div class=\"elementor-icon-box-wrapper\">\n\n\t\t\t\n\t\t\t\t\t\t<div class=\"elementor-icon-box-content\">\n\n\t\t\t\t\t\t\t\t\t<h3 class=\"elementor-icon-box-title\">\n\t\t\t\t\t\t<span  >\n\t\t\t\t\t\t\tVanhempien rooli\t\t\t\t\t\t<\/span>\n\t\t\t\t\t<\/h3>\n\t\t\t\t\n\t\t\t\t\n\t\t\t<\/div>\n\t\t\t\n\t\t<\/div>\n\t\t\t\t\t\t<\/div>\n\t\t\t\t<div class=\"elementor-element elementor-element-3111c18d elementor-widget elementor-widget-text-editor\" data-id=\"3111c18d\" data-element_type=\"widget\" data-e-type=\"widget\" data-widget_type=\"text-editor.default\">\n\t\t\t\t\t\t\t\t\t<h4 data-start=\"352\" data-end=\"520\">Vanhemmat turvaveneiss\u00e4<\/h4><p data-start=\"3442\" data-end=\"3556\">Kilpailunj\u00e4rjest\u00e4j\u00e4t toivottavat tervetulleiksi vanhemmat, jotka pystyv\u00e4t toimimaan turvavenein\u00e4 kilpailualueella.<\/p><p data-start=\"3558\" data-end=\"3578\">Turvaveneell\u00e4 tulee pysy\u00e4 v\u00e4hint\u00e4\u00e4n 50\u2013100 metrin p\u00e4\u00e4ss\u00e4 purjehtijoista, v\u00e4ltt\u00e4\u00e4 ajamista rata-alueelle, kiert\u00e4\u00e4 k\u00e4\u00e4nt\u00f6poijut ulkopuolelta sek\u00e4 v\u00e4ltt\u00e4\u00e4 l\u00e4ht\u00f6- ja maalilinjan ylitt\u00e4mist\u00e4.<\/p>\t\t\t\t\t\t\t\t<\/div>\n\t\t\t\t<div class=\"elementor-element elementor-element-80bb1d1 elementor-widget elementor-widget-text-editor\" data-id=\"80bb1d1\" data-element_type=\"widget\" data-e-type=\"widget\" data-widget_type=\"text-editor.default\">\n\t\t\t\t\t\t\t\t\t<h4 data-start=\"352\" data-end=\"520\">Neuvominen kilpailun aikana<\/h4><p data-start=\"3792\" data-end=\"3869\">Kilpailujen aikana purjehtijoiden neuvominen johtaa suorituksen hylk\u00e4\u00e4miseen.<\/p><p data-start=\"3871\" data-end=\"4067\">Poikkeuksena ovat erilliset aloittelijal\u00e4hd\u00f6t, joissa neuvojen antaminen on sallittua tai jopa toivottavaa. Varsinaisissa kilpailuissa (valmiusviestist\u00e4 maaliintuloon) purjehtijoita ei saa neuvoa.<\/p><p>\u00a0<\/p>\t\t\t\t\t\t\t\t<\/div>\n\t\t\t\t<div class=\"elementor-element elementor-element-0d7afbd elementor-widget elementor-widget-text-editor\" data-id=\"0d7afbd\" data-element_type=\"widget\" data-e-type=\"widget\" data-widget_type=\"text-editor.default\">\n\t\t\t\t\t\t\t\t\t<h4 data-start=\"352\" data-end=\"520\">Mukaan seuran toimintaan<\/h4><p data-start=\"4139\" data-end=\"4212\">Pursiseurat tarvitsevat vanhempia toiminnan hoitamiseen ja kehitt\u00e4miseen.<\/p><p data-start=\"4214\" data-end=\"4245\">Vanhemmat auttavat muun muassa jollien vesillelaskussa ja rantautumisessa, poijujen ja varusteiden kuljetuksessa sek\u00e4 harjoitusten ja kilpailujen j\u00e4rjest\u00e4misess\u00e4.<\/p><p data-start=\"4384\" data-end=\"4556\">Hyvin usein aktiivisesta vanhemmasta kasvaa my\u00f6s ohjaaja tai valmentaja. Suomen Purjehdus ja Veneily ry j\u00e4rjest\u00e4\u00e4 s\u00e4\u00e4nn\u00f6llisesti koulutuksia valmennuksesta kiinnostuneille.<\/p>\t\t\t\t\t\t\t\t<\/div>\n\t\t\t\t<\/div>\n\t\t<div data-particle_enable=\"false\" data-particle-mobile-disabled=\"false\" class=\"elementor-element elementor-element-26540488 e-con-full e-flex e-con e-child\" data-id=\"26540488\" data-element_type=\"container\" data-e-type=\"container\" data-settings=\"{&quot;background_background&quot;:&quot;classic&quot;}\">\n\t\t\t\t<\/div>\n\t\t\t\t<\/div>\n\t\t\t\t\t<\/div>\n\t\t\t\t<\/div>\n\t\t\t\t<\/div>\n\t\t","protected":false},"excerpt":{"rendered":"<p>Optimistipurjehdus \u2013 koko perheen harrastus Vanhempien rooli harrastuksessa Optimistipurjehdus on parhaimmillaan koko perheen yhteist\u00e4 toimintaa. Nuorimmat purjehtijat tarvitsevat apua jollan k\u00e4sittelyss\u00e4 rannalla sek\u00e4 l\u00e4ht\u00f6jen ja rantautumisten yhteydess\u00e4. Kasvava purjehtija tarvitsee my\u00f6s kuljetusapua harjoituksiin ja kilpailuihin eri puolille Suomea. Taitojen karttuessa tarjoutuu mahdollisuuksia harjoitusleireihin ja kilpailuihin my\u00f6s ulkomailla sek\u00e4 edustusteht\u00e4viin PM-, EM- ja MM-tasolla. N\u00e4in p\u00e4\u00e4see [&hellip;]<\/p>\n","protected":false},"author":2,"featured_media":279,"parent":0,"menu_order":0,"comment_status":"closed","ping_status":"closed","template":"elementor_header_footer","meta":{"footnotes":""},"class_list":["post-278","page","type-page","status-publish","has-post-thumbnail","hentry"],"_links":{"self":[{"href":"https:\/\/www.foda.fi\/index.php\/wp-json\/wp\/v2\/pages\/278","targetHints":{"allow":["GET"]}}],"collection":[{"href":"https:\/\/www.foda.fi\/index.php\/wp-json\/wp\/v2\/pages"}],"about":[{"href":"https:\/\/www.foda.fi\/index.php\/wp-json\/wp\/v2\/types\/page"}],"author":[{"embeddable":true,"href":"https:\/\/www.foda.fi\/index.php\/wp-json\/wp\/v2\/users\/2"}],"replies":[{"embeddable":true,"href":"https:\/\/www.foda.fi\/index.php\/wp-json\/wp\/v2\/comments?post=278"}],"version-history":[{"count":25,"href":"https:\/\/www.foda.fi\/index.php\/wp-json\/wp\/v2\/pages\/278\/revisions"}],"predecessor-version":[{"id":953,"href":"https:\/\/www.foda.fi\/index.php\/wp-json\/wp\/v2\/pages\/278\/revisions\/953"}],"wp:featuredmedia":[{"embeddable":true,"href":"https:\/\/www.foda.fi\/index.php\/wp-json\/wp\/v2\/media\/279"}],"wp:attachment":[{"href":"https:\/\/www.foda.fi\/index.php\/wp-json\/wp\/v2\/media?parent=278"}],"curies":[{"name":"wp","href":"https:\/\/api.w.org\/{rel}","templated":true}]}}