{"id":344,"date":"2026-01-29T13:02:32","date_gmt":"2026-01-29T11:02:32","guid":{"rendered":"https:\/\/www.foda.fi\/?page_id=344"},"modified":"2026-02-23T09:45:05","modified_gmt":"2026-02-23T07:45:05","slug":"saannot","status":"publish","type":"page","link":"https:\/\/www.foda.fi\/index.php\/saannot\/","title":{"rendered":"S\u00e4\u00e4nn\u00f6t"},"content":{"rendered":"\t\t<div data-elementor-type=\"wp-page\" data-elementor-id=\"344\" class=\"elementor elementor-344\" data-elementor-post-type=\"page\">\n\t\t\t\t<div data-particle_enable=\"false\" data-particle-mobile-disabled=\"false\" class=\"elementor-element elementor-element-9d9e116 e-flex e-con-boxed e-con e-parent\" data-id=\"9d9e116\" data-element_type=\"container\" data-e-type=\"container\" data-settings=\"{&quot;background_background&quot;:&quot;classic&quot;}\">\n\t\t\t\t\t<div class=\"e-con-inner\">\n\t\t\t\t<div class=\"elementor-element elementor-element-b46853f elementor-widget__width-initial elementor-invisible elementor-widget elementor-widget-heading\" data-id=\"b46853f\" data-element_type=\"widget\" data-e-type=\"widget\" data-settings=\"{&quot;_animation&quot;:&quot;fadeIn&quot;}\" data-widget_type=\"heading.default\">\n\t\t\t\t\t<h1 class=\"elementor-heading-title elementor-size-default\">S\u00e4\u00e4nn\u00f6t<\/h1>\t\t\t\t<\/div>\n\t\t\t\t\t<\/div>\n\t\t\t\t<\/div>\n\t\t<div data-particle_enable=\"false\" data-particle-mobile-disabled=\"false\" class=\"elementor-element elementor-element-ac374f4 e-flex e-con-boxed e-con e-parent\" data-id=\"ac374f4\" data-element_type=\"container\" data-e-type=\"container\">\n\t\t\t\t\t<div class=\"e-con-inner\">\n\t\t<div data-particle_enable=\"false\" data-particle-mobile-disabled=\"false\" class=\"elementor-element elementor-element-3499772 e-con-full e-flex elementor-invisible e-con e-child\" data-id=\"3499772\" data-element_type=\"container\" data-e-type=\"container\" data-settings=\"{&quot;animation&quot;:&quot;slideInUp&quot;,&quot;background_background&quot;:&quot;classic&quot;,&quot;animation_delay&quot;:600}\">\n\t\t<div data-particle_enable=\"false\" data-particle-mobile-disabled=\"false\" class=\"elementor-element elementor-element-24fe9bf e-con-full e-flex e-con e-child\" data-id=\"24fe9bf\" data-element_type=\"container\" data-e-type=\"container\">\n\t\t\t\t<div class=\"elementor-element elementor-element-9f64499 elementor-widget elementor-widget-icon-box\" data-id=\"9f64499\" data-element_type=\"widget\" data-e-type=\"widget\" data-widget_type=\"icon-box.default\">\n\t\t\t\t\t\t\t<div class=\"elementor-icon-box-wrapper\">\n\n\t\t\t\n\t\t\t\t\t\t<div class=\"elementor-icon-box-content\">\n\n\t\t\t\t\t\t\t\t\t<h3 class=\"elementor-icon-box-title\">\n\t\t\t\t\t\t<span  >\n\t\t\t\t\t\t\tSuomen optimistojollaliitto ry\t\t\t\t\t\t<\/span>\n\t\t\t\t\t<\/h3>\n\t\t\t\t\n\t\t\t\t\n\t\t\t<\/div>\n\t\t\t\n\t\t<\/div>\n\t\t\t\t\t\t<\/div>\n\t\t\t\t<div class=\"elementor-element elementor-element-7ab3c46 elementor-widget__width-initial elementor-widget elementor-widget-text-editor\" data-id=\"7ab3c46\" data-element_type=\"widget\" data-e-type=\"widget\" data-widget_type=\"text-editor.default\">\n\t\t\t\t\t\t\t\t\t<h4 data-start=\"1633\" data-end=\"1889\">Yhdistyksen s\u00e4\u00e4nn\u00f6t 29.1.2011<\/h4><p>1\u00a7<\/p><p>Yhdistyksen nimi on Suomen Optimistijollaliitto ry., ruotsiksi Finlands Optimistjollef\u00f6rbund rf. Englanninkielisess\u00e4 kirjeenvaihdossa k\u00e4ytet\u00e4\u00e4n nime\u00e4 Finnish Optimist Dinghy Association. Yhdistyksen kotipaikka on Turku.<br \/><br \/>2\u00a7<\/p><p>Yhdistyksen tarkoituksena on edist\u00e4\u00e4 optimistijollaluokan purjehdustoimintaa Suomessa, olla luokan purjehtijoiden yhdyselimen\u00e4 maassamme ja huolehtia yhteyksist\u00e4 Kansainv\u00e4liseen Optimistijollaliittoon (International Optimist Dinghy Association, IODA).<\/p><p>3\u00a7<\/p><p>Tarkoituksensa toteuttamiseksi yhdistys<br \/>&#8211; j\u00e4rjest\u00e4\u00e4 valmennus- ja koulutustilaisuuksia sek\u00e4 harjoittaa tiedotustoimintaa<br \/>&#8211; valvoo optimistijollien luokkam\u00e4\u00e4r\u00e4ysten noudattamista<br \/>&#8211; yll\u00e4pit\u00e4\u00e4 yhteyksi\u00e4 muihin luokkaliittoihin, kattoj\u00e4rjest\u00f6ihin, muiden maiden optimistijollaliittoihin sek\u00e4 Kansainv\u00e4liseen Optimistijollaliittoon (IODA)<br \/>&#8211; my\u00f6nt\u00e4\u00e4 luvan luokan kansallisten ranking-, SM-, ja muiden arvokilpailujen j\u00e4rjest\u00e4miseen<br \/>&#8211; p\u00e4\u00e4tt\u00e4\u00e4 arvokisoihin osallistuvien purjehtijoiden valintakriteereist\u00e4<br \/>&#8211; huolehtii luokan kansainv\u00e4lisist\u00e4 kilpailuyhteyksist\u00e4<\/p><p>4\u00a7<br \/>Yhdistyksen j\u00e4senet ovat:<\/p><p><br \/>1. 1. Purjehtijaj\u00e4seni\u00e4, jotka ovat Suomen Purjehdus ja Veneily ry:een kuuluvan seuran j\u00e4seni\u00e4 ja t\u00e4ytt\u00e4v\u00e4t IODA:n voimassa olevan ik\u00e4s\u00e4\u00e4nn\u00f6n osallistumiselle IODA-tapahtumiin. Jokaista purjehtijaj\u00e4sent\u00e4 kohden rekisteriin merkit\u00e4\u00e4n yksi aikuinen huoltaja.<br \/>2. Seuraj\u00e4seni\u00e4, joita voivat olla Suomen Purjehdus ja Veneily ry:n j\u00e4senseurat.<br \/>3. Kannattajaj\u00e4seni\u00e4, joita voivat olla sellaiset henkil\u00f6t tai yhteis\u00f6t, jotka haluavat edist\u00e4\u00e4 yhdistyksen tarkoitusperi\u00e4.<br \/>4. Kunniaj\u00e4seni\u00e4, joita voivat olla j\u00e4rjest\u00f6- tai kilpailutoiminnassa ansioituneet henkil\u00f6t.<\/p><p>Hallitus hyv\u00e4ksyy purjehtijaj\u00e4senet, seuraj\u00e4senet ja kannattajaj\u00e4senet hakemuksen perusteella.<br \/>Kunniaj\u00e4senet hyv\u00e4ksyy yhdistyksen yleinen kokous hallituksen esityksen perusteella.<\/p><p>\u200b5\u00a7<\/p><p>\u200bPurjehtijaj\u00e4senen, seuraj\u00e4senen ja kannattajaj\u00e4senen on maksettava j\u00e4senmaksu, jonka perusteen, m\u00e4\u00e4r\u00e4n ja kantoajankohdan yhdistyksen syyskokous vahvistaa. Kunniaj\u00e4senet ovat j\u00e4senmaksusta vapaat.<\/p><p><br \/>6\u00a7<\/p><p>Yhdistyksen toimeenpanevana elimen\u00e4 on hallitus, johon kuuluu puheenjohtaja, varapuheenjohtaja ja v\u00e4hint\u00e4\u00e4n kuusi, enint\u00e4\u00e4n kahdeksan j\u00e4sent\u00e4. Puheenjohtajan ja varapuheenjohtajan toimikausi on kaksi vuotta. Hallituksen j\u00e4senten toimikausi on yksi vuosi. Puheenjohtaja ja varapuheenjohtaja ovat vuorovuosina erovuorossa. Ensimm\u00e4isen\u00e4 vuonna valitaan erovuoroisuus arvalla. Hallitus on p\u00e4\u00e4t\u00f6svaltainen puheenjohtajan tai varapuheenjohtajan ja nelj\u00e4n j\u00e4senen ollessa saapuvilla.<\/p><p>7\u00a7<\/p><p>Hallitus valitsee tarvittavat yhdistyksen toimihenkil\u00f6t. Yhdistyksen kokous tai hallitus voi asettaa m\u00e4\u00e4r\u00e4tty\u00e4 teht\u00e4v\u00e4\u00e4 hoitamaan tai selvitt\u00e4m\u00e4\u00e4n valiokuntia tai toimikuntia.<\/p><p>8\u00a7<\/p><p>Yhdistyksen nimen kirjoittaa hallituksen puheenjohtaja yksin tai varapuheenjohtaja yhdess\u00e4 jonkun muun hallituksen j\u00e4senen kanssa taikka henkil\u00f6, jonka hallitus on t\u00e4h\u00e4n erikseen oikeuttanut.<\/p><p>9\u00a7<\/p><p>Yhdistyksen tilikausi on kalenterivuosi. Hallituksen on toimitettava tilinp\u00e4\u00e4t\u00f6stiedot tilintarkastajalle tilikautta seuraavan tammikuun loppuun menness\u00e4. Tilintarkastajan on annettava lausuntonsa viimeist\u00e4\u00e4n tilikautta seuraavan helmikuun loppuun menness\u00e4.<\/p><p>10\u00a7<\/p><p>Yhdistyksen kokouksia ovat syyskokous ja kev\u00e4tkokous. Syyskokous pidet\u00e4\u00e4n kalenterivuoden viimeisen rankingkilpailun yhteydess\u00e4 ja kev\u00e4tkokous kalenterivuoden ensimm\u00e4isen rankingkilpailun yhteydess\u00e4.<br \/><br \/>Hallitus kutsuu koolle ylim\u00e4\u00e4r\u00e4isen kokouksen tarvittaessa ja aina, jos kymmenesosa \u00e4\u00e4nioikeutetuista j\u00e4senist\u00e4 sit\u00e4 vaatii.<\/p><p>11\u00a7<\/p><p>Yhdistyksen kokoukset kutsutaan koolle yhdistyksen internetsivuilla olevalla kutsulla<br \/>viimeist\u00e4\u00e4n kahta viikkoa ennen kokousta tai j\u00e4senseurojen juniorip\u00e4\u00e4llik\u00f6ille osoitetulla s\u00e4hk\u00f6postilla tai Suomen Purjehdus ja Veneilyliitto ry:n viimeist\u00e4\u00e4n edell\u00e4 mainittuna p\u00e4iv\u00e4n\u00e4 ilmestyv\u00e4ss\u00e4 virallisessa \u00e4\u00e4nenkannattajassa.<\/p><p>12\u00a7<\/p><p>Yhdistyksen syyskokouksessa k\u00e4sitell\u00e4\u00e4n seuraavat asiat:<br \/>&#8211; vahvistetaan seuraavan tilikauden j\u00e4senmaksujen perusteet, m\u00e4\u00e4r\u00e4t ja kantotapa sek\u00e4 kantoajankohta.<br \/>&#8211; vahvistetaan toimintasuunnitelma ja talousarvio seuraavalle tilikaudelle.<br \/>&#8211; valitaan seuraavalle tilikaudelle hallituksen puheenjohtaja tai varapuheenjohtaja erovuoroisen tilalle<br \/>&#8211; vahvistetaan seuraavalle tilikaudelle hallituksen j\u00e4senten lukum\u00e4\u00e4r\u00e4 ja valitaan j\u00e4senet.<br \/><br \/>Yhdistyksen kev\u00e4tkokouksessa k\u00e4sitell\u00e4\u00e4n seuraavat asiat:<br \/>&#8211; esitet\u00e4\u00e4n hallituksen toimintakertomus, tilinp\u00e4\u00e4t\u00f6s ja tase sek\u00e4 tilintarkastajien kertomus p\u00e4\u00e4ttyneelt\u00e4 tilikaudelta.<br \/>&#8211; p\u00e4\u00e4tet\u00e4\u00e4n tilinp\u00e4\u00e4t\u00f6ksen vahvistamisesta sek\u00e4 vastuuvapauden my\u00f6nt\u00e4misest\u00e4 tilivelvollisille.<br \/>&#8211; valitaan tilintarkastaja ja varatilintarkastaja.<\/p><p>13\u00a7<\/p><p>Jokaisella seuraj\u00e4senell\u00e4 on yhdistyksen kokouksessa yksi \u00e4\u00e4ni. Muilla j\u00e4senill\u00e4 ei ole \u00e4\u00e4nioikeutta.<\/p><p>14\u00a7<\/p><p>Yhdistyksen s\u00e4\u00e4nt\u00f6jen muuttamisesta ja yhdistyksen purkamisesta on p\u00e4\u00e4tett\u00e4v\u00e4 kahdessa, v\u00e4hint\u00e4\u00e4n kuukauden v\u00e4lein pidett\u00e4v\u00e4ss\u00e4 yhdistyksen kokouksessa, molemmissa v\u00e4hint\u00e4\u00e4n kahden kolmasosan \u00e4\u00e4nten enemmist\u00f6ll\u00e4. Yhdistyksen purkautuessa on varat luovutettava nuorison purjehdusurheilun kehitt\u00e4miseen tai muuhun t\u00e4t\u00e4 l\u00e4hell\u00e4 olevaan nuorisotoimintaan viimeisen yhdistyksen kokouksen tarkemmin p\u00e4\u00e4tt\u00e4m\u00e4ll\u00e4 tavalla.<\/p><p>15\u00a7<\/p><p>Muissa kohdin noudatetaan voimassa olevan yhdistyslain s\u00e4\u00e4nn\u00f6ksi\u00e4.<\/p><p>\u00a0<\/p>\t\t\t\t\t\t\t\t<\/div>\n\t\t\t\t<\/div>\n\t\t\t\t<\/div>\n\t\t\t\t\t<\/div>\n\t\t\t\t<\/div>\n\t\t\t\t<\/div>\n\t\t","protected":false},"excerpt":{"rendered":"<p>S\u00e4\u00e4nn\u00f6t Suomen optimistojollaliitto ry Yhdistyksen s\u00e4\u00e4nn\u00f6t 29.1.2011 1\u00a7 Yhdistyksen nimi on Suomen Optimistijollaliitto ry., ruotsiksi Finlands Optimistjollef\u00f6rbund rf. Englanninkielisess\u00e4 kirjeenvaihdossa k\u00e4ytet\u00e4\u00e4n nime\u00e4 Finnish Optimist Dinghy Association. Yhdistyksen kotipaikka on Turku. 2\u00a7 Yhdistyksen tarkoituksena on edist\u00e4\u00e4 optimistijollaluokan purjehdustoimintaa Suomessa, olla luokan purjehtijoiden yhdyselimen\u00e4 maassamme ja huolehtia yhteyksist\u00e4 Kansainv\u00e4liseen Optimistijollaliittoon (International Optimist Dinghy Association, IODA). 3\u00a7 Tarkoituksensa [&hellip;]<\/p>\n","protected":false},"author":2,"featured_media":0,"parent":0,"menu_order":0,"comment_status":"closed","ping_status":"closed","template":"elementor_header_footer","meta":{"footnotes":""},"class_list":["post-344","page","type-page","status-publish","hentry"],"_links":{"self":[{"href":"https:\/\/www.foda.fi\/index.php\/wp-json\/wp\/v2\/pages\/344","targetHints":{"allow":["GET"]}}],"collection":[{"href":"https:\/\/www.foda.fi\/index.php\/wp-json\/wp\/v2\/pages"}],"about":[{"href":"https:\/\/www.foda.fi\/index.php\/wp-json\/wp\/v2\/types\/page"}],"author":[{"embeddable":true,"href":"https:\/\/www.foda.fi\/index.php\/wp-json\/wp\/v2\/users\/2"}],"replies":[{"embeddable":true,"href":"https:\/\/www.foda.fi\/index.php\/wp-json\/wp\/v2\/comments?post=344"}],"version-history":[{"count":10,"href":"https:\/\/www.foda.fi\/index.php\/wp-json\/wp\/v2\/pages\/344\/revisions"}],"predecessor-version":[{"id":974,"href":"https:\/\/www.foda.fi\/index.php\/wp-json\/wp\/v2\/pages\/344\/revisions\/974"}],"wp:attachment":[{"href":"https:\/\/www.foda.fi\/index.php\/wp-json\/wp\/v2\/media?parent=344"}],"curies":[{"name":"wp","href":"https:\/\/api.w.org\/{rel}","templated":true}]}}