{"id":353,"date":"2026-01-29T13:08:20","date_gmt":"2026-01-29T11:08:20","guid":{"rendered":"https:\/\/www.foda.fi\/?page_id=353"},"modified":"2026-02-23T09:45:42","modified_gmt":"2026-02-23T07:45:42","slug":"jasenseurat","status":"publish","type":"page","link":"https:\/\/www.foda.fi\/index.php\/jasenseurat\/","title":{"rendered":"j\u00e4senseurat"},"content":{"rendered":"\t\t<div data-elementor-type=\"wp-page\" data-elementor-id=\"353\" class=\"elementor elementor-353\" data-elementor-post-type=\"page\">\n\t\t\t\t<div data-particle_enable=\"false\" data-particle-mobile-disabled=\"false\" class=\"elementor-element elementor-element-0a9d39b e-flex e-con-boxed e-con e-parent\" data-id=\"0a9d39b\" data-element_type=\"container\" data-e-type=\"container\" data-settings=\"{&quot;background_background&quot;:&quot;classic&quot;}\">\n\t\t\t\t\t<div class=\"e-con-inner\">\n\t\t\t\t<div class=\"elementor-element elementor-element-55b2538 elementor-widget__width-initial elementor-invisible elementor-widget elementor-widget-heading\" data-id=\"55b2538\" data-element_type=\"widget\" data-e-type=\"widget\" data-settings=\"{&quot;_animation&quot;:&quot;fadeIn&quot;}\" data-widget_type=\"heading.default\">\n\t\t\t\t\t<h1 class=\"elementor-heading-title elementor-size-default\">J\u00e4senseurat<\/h1>\t\t\t\t<\/div>\n\t\t\t\t\t<\/div>\n\t\t\t\t<\/div>\n\t\t<div data-particle_enable=\"false\" data-particle-mobile-disabled=\"false\" class=\"elementor-element elementor-element-bf8feea e-flex e-con-boxed e-con e-parent\" data-id=\"bf8feea\" data-element_type=\"container\" data-e-type=\"container\">\n\t\t\t\t\t<div class=\"e-con-inner\">\n\t\t<div data-particle_enable=\"false\" data-particle-mobile-disabled=\"false\" class=\"elementor-element elementor-element-471c82a e-con-full e-flex elementor-invisible e-con e-child\" data-id=\"471c82a\" data-element_type=\"container\" data-e-type=\"container\" data-settings=\"{&quot;animation&quot;:&quot;slideInUp&quot;,&quot;background_background&quot;:&quot;classic&quot;,&quot;animation_delay&quot;:600}\">\n\t\t<div data-particle_enable=\"false\" data-particle-mobile-disabled=\"false\" class=\"elementor-element elementor-element-bae5e07 e-con-full e-flex e-con e-child\" data-id=\"bae5e07\" data-element_type=\"container\" data-e-type=\"container\">\n\t\t\t\t<div class=\"elementor-element elementor-element-55bd1ff elementor-widget__width-initial elementor-widget elementor-widget-text-editor\" data-id=\"55bd1ff\" data-element_type=\"widget\" data-e-type=\"widget\" data-widget_type=\"text-editor.default\">\n\t\t\t\t\t\t\t\t\t<p><a href=\"https:\/\/www.bss.fi\/\" target=\"_blank\" rel=\"noopener\">Borg\u00e5 Segels\u00e4llskap (BSS)<\/a><\/p><p><a href=\"https:\/\/www.brandoseglare.fi\/\" target=\"_blank\" rel=\"noopener\">Br\u00e4nd\u00f6 Seglare (BS)<\/a><\/p><p><a href=\"https:\/\/esbosegelforening.fi\/fi\/\" target=\"_blank\" rel=\"noopener\">Esbo Segelf\u00f6rening (ESF)<\/a><\/p><p><a href=\"https:\/\/www.emk.fi\/\" target=\"_blank\" rel=\"noopener\">Espoon Merenk\u00e4vij\u00e4t (EMK)<\/a><\/p><p><a href=\"https:\/\/espoonpursiseura.fi\/\" target=\"_blank\" rel=\"noopener\">Espoon Pursiseura (EPS)<\/a><\/p><p><a href=\"https:\/\/hoski.fi\/\" target=\"_blank\" rel=\"noopener\">Helsingfors Segelklubb (HSK)<\/a><\/p><p><a href=\"https:\/\/helsinkisailing.com\/\" target=\"_blank\" rel=\"noopener\">Helsingfors Segels\u00e4llskap (HSS)<\/a><\/p><p><a href=\"https:\/\/kotkanpursiseura.fi\/\" target=\"_blank\" rel=\"noopener\">Kotkan Pursiseura (KPS)<\/a><\/p><p><a href=\"https:\/\/www.kuopionpursiseura.fi\/\" target=\"_blank\" rel=\"noopener\">Kuopion Pursiseura (KuoPS)<\/a><\/p><p><a href=\"https:\/\/lahtisail.fi\/\" target=\"_blank\" rel=\"noopener\">Lahden Purjehdusseura (LPS)<\/a><\/p><p><a href=\"https:\/\/www.lohjanpurjehtijat.fi\/\" target=\"_blank\" rel=\"noopener\">Lohjan Purjehtijat (LP)<\/a><\/p><p><a href=\"https:\/\/msf.ax\/\" target=\"_blank\" rel=\"noopener\">Mariehamns Seglarf\u00f6rening (MSF)<\/a><\/p><p><a href=\"https:\/\/www.marjaniemen-purjehtijat.fi\/\" target=\"_blank\" rel=\"noopener\">Marjaniemen Purjehtijat (MP)<\/a><\/p>\t\t\t\t\t\t\t\t<\/div>\n\t\t\t\t<\/div>\n\t\t\t\t<\/div>\n\t\t<div data-particle_enable=\"false\" data-particle-mobile-disabled=\"false\" class=\"elementor-element elementor-element-0a5333e e-con-full e-flex elementor-invisible e-con e-child\" data-id=\"0a5333e\" data-element_type=\"container\" data-e-type=\"container\" data-settings=\"{&quot;animation&quot;:&quot;slideInUp&quot;,&quot;background_background&quot;:&quot;classic&quot;,&quot;animation_delay&quot;:600}\">\n\t\t<div data-particle_enable=\"false\" data-particle-mobile-disabled=\"false\" class=\"elementor-element elementor-element-7c5e3fa e-con-full e-flex e-con e-child\" data-id=\"7c5e3fa\" data-element_type=\"container\" data-e-type=\"container\">\n\t\t\t\t<div class=\"elementor-element elementor-element-60053bd elementor-widget__width-initial elementor-widget elementor-widget-text-editor\" data-id=\"60053bd\" data-element_type=\"widget\" data-e-type=\"widget\" data-widget_type=\"text-editor.default\">\n\t\t\t\t\t\t\t\t\t<p><a href=\"https:\/\/www.merenkavijat.fi\/\" target=\"_blank\" rel=\"noopener\">Merenk\u00e4vij\u00e4t (M)<\/a><\/p><p><a href=\"https:\/\/mikkelinpursiseura.fi\/\" target=\"_blank\" rel=\"noopener\">Mikkelin Pursiseura (MPS)<\/a><\/p><p><a href=\"https:\/\/www.nps.fi\/\" target=\"_blank\" rel=\"noopener\">Naantalin purjehdusseura (NPS)<\/a><\/p><p><a href=\"https:\/\/njk.fi\/\" target=\"_blank\" rel=\"noopener\">Nyl\u00e4ndska Jaktklubben (NJK)<\/a><\/p><p><a href=\"https:\/\/nsailing.fi\/\" target=\"_blank\" rel=\"noopener\">N\u00e4sij\u00e4rven Purjehdusseura (N)<\/a><\/p><p><a href=\"https:\/\/www.oulunmerenkavijat.fi\/\" target=\"_blank\" rel=\"noopener\">Oulun Merenk\u00e4vij\u00e4t (OM)<\/a><\/p><p><a href=\"https:\/\/www.raahenpurjehdusseura.com\/\" target=\"_blank\" rel=\"noopener\">Raahen Purjehdusseura (RaaPS)<\/a><\/p><p><a href=\"https:\/\/www.raumanpurjehdusseura.fi\/\" target=\"_blank\" rel=\"noopener\">Rauman Purjehdusseura (RPS)<\/a><\/p><p><a href=\"https:\/\/taps.fi\/\" target=\"_blank\" rel=\"noopener\">Tampereen Pursiseura (TaPS)<\/a><\/p><p><a href=\"https:\/\/turunpursiseura.fi\/\" target=\"_blank\" rel=\"noopener\">Turun Pursiseura (TPS)<\/a><\/p><p><a href=\"https:\/\/www.tpsail.net\/tp\/index.php\" target=\"_blank\" rel=\"noopener\">Tuusulanj\u00e4rven Purjehtijat (TP)<\/a><\/p><p><a href=\"https:\/\/www.uudenkaupunginpurjehdusseura.fi\/\" target=\"_blank\" rel=\"noopener\">Uudenkaupungin Purjehdusseura (UPS)\u200b<\/a><\/p>\t\t\t\t\t\t\t\t<\/div>\n\t\t\t\t<\/div>\n\t\t\t\t<\/div>\n\t\t\t\t\t<\/div>\n\t\t\t\t<\/div>\n\t\t\t\t<\/div>\n\t\t","protected":false},"excerpt":{"rendered":"<p>J\u00e4senseurat Borg\u00e5 Segels\u00e4llskap (BSS) Br\u00e4nd\u00f6 Seglare (BS) Esbo Segelf\u00f6rening (ESF) Espoon Merenk\u00e4vij\u00e4t (EMK) Espoon Pursiseura (EPS) Helsingfors Segelklubb (HSK) Helsingfors Segels\u00e4llskap (HSS) Kotkan Pursiseura (KPS) Kuopion Pursiseura (KuoPS) Lahden Purjehdusseura (LPS) Lohjan Purjehtijat (LP) Mariehamns Seglarf\u00f6rening (MSF) Marjaniemen Purjehtijat (MP) Merenk\u00e4vij\u00e4t (M) Mikkelin Pursiseura (MPS) Naantalin purjehdusseura (NPS) Nyl\u00e4ndska Jaktklubben (NJK) N\u00e4sij\u00e4rven Purjehdusseura (N) Oulun [&hellip;]<\/p>\n","protected":false},"author":2,"featured_media":0,"parent":0,"menu_order":0,"comment_status":"closed","ping_status":"closed","template":"elementor_header_footer","meta":{"footnotes":""},"class_list":["post-353","page","type-page","status-publish","hentry"],"_links":{"self":[{"href":"https:\/\/www.foda.fi\/index.php\/wp-json\/wp\/v2\/pages\/353","targetHints":{"allow":["GET"]}}],"collection":[{"href":"https:\/\/www.foda.fi\/index.php\/wp-json\/wp\/v2\/pages"}],"about":[{"href":"https:\/\/www.foda.fi\/index.php\/wp-json\/wp\/v2\/types\/page"}],"author":[{"embeddable":true,"href":"https:\/\/www.foda.fi\/index.php\/wp-json\/wp\/v2\/users\/2"}],"replies":[{"embeddable":true,"href":"https:\/\/www.foda.fi\/index.php\/wp-json\/wp\/v2\/comments?post=353"}],"version-history":[{"count":13,"href":"https:\/\/www.foda.fi\/index.php\/wp-json\/wp\/v2\/pages\/353\/revisions"}],"predecessor-version":[{"id":977,"href":"https:\/\/www.foda.fi\/index.php\/wp-json\/wp\/v2\/pages\/353\/revisions\/977"}],"wp:attachment":[{"href":"https:\/\/www.foda.fi\/index.php\/wp-json\/wp\/v2\/media?parent=353"}],"curies":[{"name":"wp","href":"https:\/\/api.w.org\/{rel}","templated":true}]}}